{"id":111,"date":"2017-05-01T16:36:54","date_gmt":"2017-05-01T15:36:54","guid":{"rendered":"http:\/\/ferienhaus-gerrit.de\/?page_id=111"},"modified":"2024-07-26T15:30:46","modified_gmt":"2024-07-26T14:30:46","slug":"fernsehen","status":"publish","type":"page","link":"https:\/\/ferienhaus-gerrit.de\/?page_id=111","title":{"rendered":"Fernsehen, Radio, Internet"},"content":{"rendered":"<p><strong>Fernseher:<\/strong><br \/>\nPioneer 42&#8243; Plasma-TV, Modell PDP-4270XA<\/p>\n<ul>\n<li>Den Fernseher mit der langen Fernbedienung (Pioneer) starten &#8211;&gt; den Power-Schalter lange gedr\u00fcckt halten, bis eine blaue LED am TV-Ger\u00e4t unten links blinkt.<\/li>\n<li>Den <a href=\"https:\/\/www.bedienungsanleitung24.de\/anleitung\/1\/7562\/bedienungsanleitung.pdf\" target=\"_blank\" rel=\"noopener\">Sat-Receiver<\/a> (das K\u00e4stle am unteren Fernseher-Rand) mit der kleinen Fernbedienung (&#8222;Sat-TV&#8220;) starten. Die Box unter dem TV-Ger\u00e4t meldet &#8222;boot&#8220;. Es dauert dann noch.<br \/>\n(Falls sich hier mal nichts tut, ggf. die Box kurz vom Strom nehmen)<\/li>\n<li>Der Fernseher steht in der Regel auf Eingang 3 HDMI. Das ist der Eingang f\u00fcr <em>alle<\/em> angeschlossenen Ger\u00e4te und nun sollte das im Sat-Receiver eingestellte Programm laufen.<\/li>\n<li>Sollte er verstellt sein, muss man auf der Pioneer-Fernbedienung des Fernsehers unten die Taste &#8222;PICT.&#8220; dr\u00fccken, um wieder auf Eingang 3 HDMI umzustellen.<\/li>\n<li>Programme umschalten mit dem Pfeil nach oben oder unten auf der kleinen Fernbedienung. Lauter-leiser an der Pioneer-Fernbedienung.<\/li>\n<li>Leider fragt der Fernseher sporadisch nach der Uhrzeit. Dr\u00fcckt man &#8222;Exit&#8220; oder &#8222;Menu&#8220;, so verschwindet die Anfrage.<\/li>\n<\/ul>\n<p><span style=\"color: #ffffff;\">\u00a0 i<\/span><\/p>\n<p><strong>Receiver:<\/strong><\/p>\n<p><em><span style=\"color: #800000;\">Wenn der Receiver nicht angeht, trennt man ihn kurz hinten links vom Strom.<\/span><\/em><\/p>\n<p>Univision UNS100+ Full HD Satelliten Receiver (HDMI\/SCART\/USB\/EPG\/PVR)<br \/>\nDer Wein drau\u00dfen auf der Terrasse links kann manchmal der Grund sein, dass die SAT-Sch\u00fcssel zugerankt ist und der Empfang schlecht ist. Dann d\u00fcrfen Sie roden.<\/p>\n<p><strong>Firestick:<\/strong><del><strong><br \/>\n<\/strong><\/del><\/p>\n<p><span style=\"color: #800000;\">Der Firestick zickt auch manchmal und f\u00e4ngt immer neu an, sich zu booten. Meist f\u00e4ngt er sich nach ein paar Stunden. Daf\u00fcr l\u00e4sst man ihn einfach nachmittags mal &#8217;ne Stunde laufen.<\/span><\/p>\n<p>F\u00fcr TV-on-demand oder Ihre Lieblingsserien gibt es den amazon-Firestick.<br \/>\nDer hat eine eigene Fernbedienung:<br \/>\n<img loading=\"lazy\" class=\"irc_mi aligncenter\" src=\"https:\/\/ae01.alicdn.com\/kf\/HTB1S1WmeTnI8KJjSszbq6z4KFXa4\/New-Alexa-Voice-Remote-Control-DU3560-fit-for-1st-Gen-Amazon-Fire-TV-Fire-TV-Stick.jpg_640x640.jpg\" alt=\"Bildergebnis f\u00fcr amazon-Firestick fernbedienung\" width=\"316\" height=\"316\" data-iml=\"1560955888580\" \/><\/p>\n<p>Wichtig ist, dass die anderen Ger\u00e4te, wie Receiver, Blueray-Player oder die NES-Station ausgeschaltet sind.<br \/>\nNur dann passiert etwas, wenn man hier aufs &#8222;H\u00e4uschen&#8220; dr\u00fcckt.<br \/>\nWenn man die Mikrofon-Taste lange dr\u00fcckt, kann man auch Sprachbefehle eingeben, wie:<br \/>\n&#8222;Suche nach (Titel \/ Schauspieler \/ Genre\/Serie)&#8220;<br \/>\n&#8222;Lauter!&#8220;<br \/>\n&#8222;Spule 10 Minuten zur\u00fcck&#8220;<\/p>\n<p>Mit dem Firestick hat man auch Zugriff auf Amazon Prime, wo man so einige Filme findet, manche kostenlos, manche mit Werbung und manche zum Ausleihen. Von Letzterem bitten wir abzusehen.<\/p>\n<p><strong>Alexa:<br \/>\n<\/strong>Alexa wohnt nicht mehr beim Leuchtturm.<br \/>\nSie steht jetzt links unter dem Fernseher.<br \/>\nSie ist leider strunkdumm, wei\u00df hernach recht wenig.<br \/>\nEin paar Sachen, die sie kennt:<\/p>\n<p><em>Alexa, wie wird das Wetter?<\/em><\/p>\n<p><em>Alexa, brauche ich einen Regenschirm?<\/em><\/p>\n<p><em>Alexa, wann geht die Sonne unter?<\/em><\/p>\n<p><em>Alexa, nenne mir ein Kochrezept.<\/em><\/p>\n<p><em>Alexa, erz\u00e4hl mir einen Witz.<\/em><\/p>\n<p><em>Alexa, spiele WDR 5.<\/em><\/p>\n<p><em>Alexa, wie weit ist es nach Den Helder?<\/em><\/p>\n<p><em>Alexa, wann ist Vollmond?<\/em><\/p>\n<p><strong>Seit 2021 kann Alexa aus &#8222;Amazon Music&#8220; alles abspielen, was sehr sch\u00f6n ist. Dazu einfach Titel und\/oder Interpret nennen, dann legt sie los (&#8222;Alexa, spiele <span class=\"st\">Schni-schna-schnappi<\/span>!&#8220;, oder: &#8222;Alexa, spiele 80er-Jahre-Musik!&#8220;)<\/strong><\/p>\n<p><strong>DVDs abspielen:<\/strong><\/p>\n<ul>\n<li>Fernseher starten, siehe oben, und Blueray-DVD-Spieler am Ger\u00e4t oder \u00fcber die Samsung-Fernbedienung starten<\/li>\n<li>Die Taste \u23cf oben links an der Samsung Fernbedienung zum \u00d6ffnen des DVD-Faches dr\u00fccken<\/li>\n<li>DVD einlegen, Fach schlie\u00dfen<\/li>\n<li>Film gucke (-:<\/li>\n<\/ul>\n<p><span style=\"color: #ffffff;\">i<\/span><\/p>\n<p><strong>Radio:<br \/>\n<\/strong>Holl\u00e4ndisches Radio kann man mittels des grauen Radioapparats im Rack links neben dem Fernseher h\u00f6ren.<br \/>\nAlternativ kann man Alexa bem\u00fchen: Sprechen Sie zum Beispiel laut: &#8222;Alexa, spiele WDR2.&#8220;<br \/>\n<a href=\"https:\/\/alexa-wiki.de\/wiki\/Befehle\" target=\"_blank\" rel=\"noopener noreferrer\">https:\/\/alexa-wiki.de\/wiki\/Befehle<\/a><\/p>\n","protected":false},"excerpt":{"rendered":"<p>Fernseher: Pioneer 42&#8243; Plasma-TV, Modell PDP-4270XA Den Fernseher mit der langen Fernbedienung (Pioneer) starten &#8211;&gt; den Power-Schalter lange gedr\u00fcckt halten, bis eine blaue LED am TV-Ger\u00e4t unten links blinkt. Den Sat-Receiver (das K\u00e4stle am unteren Fernseher-Rand) mit der kleinen Fernbedienung (&#8222;Sat-TV&#8220;) starten. Die Box unter dem TV-Ger\u00e4t meldet &#8222;boot&#8220;. Es dauert dann noch. (Falls sich [&hellip;]<\/p>\n","protected":false},"author":1,"featured_media":0,"parent":0,"menu_order":0,"comment_status":"closed","ping_status":"closed","template":"","meta":[],"_links":{"self":[{"href":"https:\/\/ferienhaus-gerrit.de\/index.php?rest_route=\/wp\/v2\/pages\/111"}],"collection":[{"href":"https:\/\/ferienhaus-gerrit.de\/index.php?rest_route=\/wp\/v2\/pages"}],"about":[{"href":"https:\/\/ferienhaus-gerrit.de\/index.php?rest_route=\/wp\/v2\/types\/page"}],"author":[{"embeddable":true,"href":"https:\/\/ferienhaus-gerrit.de\/index.php?rest_route=\/wp\/v2\/users\/1"}],"replies":[{"embeddable":true,"href":"https:\/\/ferienhaus-gerrit.de\/index.php?rest_route=%2Fwp%2Fv2%2Fcomments&post=111"}],"version-history":[{"count":34,"href":"https:\/\/ferienhaus-gerrit.de\/index.php?rest_route=\/wp\/v2\/pages\/111\/revisions"}],"predecessor-version":[{"id":1055,"href":"https:\/\/ferienhaus-gerrit.de\/index.php?rest_route=\/wp\/v2\/pages\/111\/revisions\/1055"}],"wp:attachment":[{"href":"https:\/\/ferienhaus-gerrit.de\/index.php?rest_route=%2Fwp%2Fv2%2Fmedia&parent=111"}],"curies":[{"name":"wp","href":"https:\/\/api.w.org\/{rel}","templated":true}]}}