{"id":123,"date":"2017-05-01T16:53:17","date_gmt":"2017-05-01T15:53:17","guid":{"rendered":"http:\/\/ferienhaus-gerrit.de\/?page_id=123"},"modified":"2021-04-01T19:35:38","modified_gmt":"2021-04-01T18:35:38","slug":"wii-2","status":"publish","type":"page","link":"https:\/\/ferienhaus-gerrit.de\/?page_id=123","title":{"rendered":"<s>Wii<\/s>"},"content":{"rendered":"<ul>\n<li>Fernseher und Wii starten (siehe <a href=\"http:\/\/ferienhaus-gerrit.de\/?page_id=111\" target=\"_blank\" rel=\"noopener noreferrer\">\u2192<\/a><a href=\"http:\/\/ferienhaus-gerrit.de\/?page_id=111\" target=\"_blank\" rel=\"noopener noreferrer\">Fernseher<\/a>).<\/li>\n<li>Wie es weitergeht, wei\u00df ich nicht. Fragen Sie Frau Bockamp.<\/li>\n<\/ul>\n<p>Edit: Herr Wilmanns mag die Wii nicht.<br \/>\nEdit Frau Bockamp: Die G\u00e4ste m\u00f6gen sie.<br \/>\nEdit Herr Wilmanns: Die Grafik ist mau.<br \/>\nEdit Elke Bockamp: Besser als keine Wii.<br \/>\nEdit Herr Wilmanns: Spielt hier eh keiner. Macht nur \u00c4rger.<br \/>\nEdit Elke Bockamp: Lieber Brettspiele?<br \/>\nEdit Herr Wilmanns: Haben wir die im Tutorial erw\u00e4hnt?<br \/>\nEdit Elke Bockamp: Haben die keine Anleitungen?<br \/>\nEdit Herr Wilmanns: Also, die Wii bleibt?<br \/>\nEdit Elke Bockamp: Sie ist Grund zur Freude und Ursprung allen \u00dcbels.<br \/>\nEdit Herr Wilmanns: Hei\u00dft?<br \/>\nEdit Elke Bockamp: Wie im echten Leben.<\/p>\n<p>Edit Edit: Die Wii ist raus.<br \/>\nStatt ihrer hat es nun das SNES-Mini geschafft.<\/p>\n<p><img loading=\"lazy\" class=\"alignnone size-medium wp-image-537\" src=\"http:\/\/ferienhaus-gerrit.de\/wp-content\/uploads\/2018\/09\/snes-300x168.jpg\" alt=\"\" width=\"300\" height=\"168\" \/><\/p>\n<p>Es liegt im HIFI-Rack in einem Karton.<\/p>\n<p>Ist komplett angeschlossen.<br \/>\nSchaltet den Fernseher an und auch die SNES (&#8222;Power on&#8220;) und dr\u00fcckt auf der Fernbedienung vom Fernseher die &#8222;PIC&#8220;-Taste, um den HDMI-Eingang 3 zu aktivieren. Wenn in der SNES vorne wenigstens ein Controller steckt, sollte dem Spielespa\u00df nichts mehr im Wege stehen.<\/p>\n<p>Folgende Spiele sind auf der SNES:<\/p>\n<p>Contra III The Alien Wars (europ\u00e4ischer Titel: Super Probotector: Alien Rebels)<br \/>\nDonkey Kong Country<br \/>\nEarthBound<br \/>\nFinal Fantasy III (japanischer Titel: Final Fantasy VI)<br \/>\nF-ZERO<br \/>\nKirby Super Star (europ\u00e4ischer Titel: Kirby&#8217;s Fun Pack)<br \/>\nKirby&#8217;s Dream Course<br \/>\nThe Legend of Zelda: A Link to the Past<br \/>\nMega Man X<br \/>\nSecret of Mana<br \/>\nStar Fox (europ\u00e4ischer Titel: Starwing)<br \/>\nStar Fox 2<br \/>\nStreet Fighter II Turbo: Hyper Fighting<br \/>\nSuper Castlevania IV<br \/>\nSuper Ghouls &#8217;n Ghosts<br \/>\nSuper Mario Kart<br \/>\nSuper Mario RPG: Legend of the Seven Stars<br \/>\nSuper Mario World<br \/>\nSuper Metroid<br \/>\nSuper Punch-Out!!<br \/>\nYoshi&#8217;s Island<\/p>\n<p>Was das ist und was man da genau spielen kann, erfahrt ihr hier:<\/p>\n<p><iframe loading=\"lazy\" title=\"SNES Mini Unboxing und ALLE Spiele angezockt!\" width=\"640\" height=\"360\" src=\"https:\/\/www.youtube.com\/embed\/nA8U6XGHKV4?feature=oembed\" frameborder=\"0\" allow=\"accelerometer; autoplay; clipboard-write; encrypted-media; gyroscope; picture-in-picture\" allowfullscreen><\/iframe><\/p>\n","protected":false},"excerpt":{"rendered":"<p>Fernseher und Wii starten (siehe \u2192Fernseher). Wie es weitergeht, wei\u00df ich nicht. Fragen Sie Frau Bockamp. Edit: Herr Wilmanns mag die Wii nicht. Edit Frau Bockamp: Die G\u00e4ste m\u00f6gen sie. Edit Herr Wilmanns: Die Grafik ist mau. Edit Elke Bockamp: Besser als keine Wii. Edit Herr Wilmanns: Spielt hier eh keiner. Macht nur \u00c4rger. Edit [&hellip;]<\/p>\n","protected":false},"author":1,"featured_media":0,"parent":0,"menu_order":0,"comment_status":"closed","ping_status":"closed","template":"","meta":[],"_links":{"self":[{"href":"https:\/\/ferienhaus-gerrit.de\/index.php?rest_route=\/wp\/v2\/pages\/123"}],"collection":[{"href":"https:\/\/ferienhaus-gerrit.de\/index.php?rest_route=\/wp\/v2\/pages"}],"about":[{"href":"https:\/\/ferienhaus-gerrit.de\/index.php?rest_route=\/wp\/v2\/types\/page"}],"author":[{"embeddable":true,"href":"https:\/\/ferienhaus-gerrit.de\/index.php?rest_route=\/wp\/v2\/users\/1"}],"replies":[{"embeddable":true,"href":"https:\/\/ferienhaus-gerrit.de\/index.php?rest_route=%2Fwp%2Fv2%2Fcomments&post=123"}],"version-history":[{"count":10,"href":"https:\/\/ferienhaus-gerrit.de\/index.php?rest_route=\/wp\/v2\/pages\/123\/revisions"}],"predecessor-version":[{"id":721,"href":"https:\/\/ferienhaus-gerrit.de\/index.php?rest_route=\/wp\/v2\/pages\/123\/revisions\/721"}],"wp:attachment":[{"href":"https:\/\/ferienhaus-gerrit.de\/index.php?rest_route=%2Fwp%2Fv2%2Fmedia&parent=123"}],"curies":[{"name":"wp","href":"https:\/\/api.w.org\/{rel}","templated":true}]}}