{"id":166,"date":"2017-05-01T19:40:31","date_gmt":"2017-05-01T18:40:31","guid":{"rendered":"http:\/\/ferienhaus-gerrit.de\/?page_id=166"},"modified":"2021-10-31T16:15:57","modified_gmt":"2021-10-31T15:15:57","slug":"kamin","status":"publish","type":"page","link":"https:\/\/ferienhaus-gerrit.de\/?page_id=166","title":{"rendered":"Kamin"},"content":{"rendered":"<p><span style=\"color: #ff0000;\">Bevor Sie den Kamin anmachen, \u00f6ffnen Sie bitte unbedingt die im Kamin befindliche Klappe!<br \/>\n<\/span><span style=\"color: #ff0000;\"> (Ring rechts oben im Kamin nach oben schieben und dort einhaken)<\/span><\/p>\n<p>Kaminholz liegt rechts unter dem Dach des Gartenhauses oder ist gerade aus. Im zweiteren Falle sammele man sich etwas. Im ersteren Fall f\u00fchlen Sie sich frei, alles was dort liegt, kleinzumachen und zu verbrennen, s. auch <a href=\"http:\/\/ferienhaus-gerrit.de\/?page_id=358\">&#8211;&gt; Grill- und Feuerschale<\/a>.<\/p>\n<p>Kaminanz\u00fcnder findet man, so sie nicht ausgegangen sind, im Blockhaus, direkt oben rechts auf dem Regalbrett.<\/p>\n<p>Nachschub an brennbarem Hartholz kann man s\u00e4ckeweise hier kaufen:<br \/>\nSint Maartensweg 50\u00a0 (s. Abb.)<\/p>\n<p><img loading=\"lazy\" class=\"alignnone wp-image-333\" src=\"http:\/\/ferienhaus-gerrit.de\/wp-content\/uploads\/2017\/05\/holz-300x161.jpg\" alt=\"\" width=\"552\" height=\"296\" srcset=\"https:\/\/ferienhaus-gerrit.de\/wp-content\/uploads\/2017\/05\/holz-300x161.jpg 300w, https:\/\/ferienhaus-gerrit.de\/wp-content\/uploads\/2017\/05\/holz-768x413.jpg 768w, https:\/\/ferienhaus-gerrit.de\/wp-content\/uploads\/2017\/05\/holz-1024x550.jpg 1024w, https:\/\/ferienhaus-gerrit.de\/wp-content\/uploads\/2017\/05\/holz.jpg 1464w\" sizes=\"(max-width: 552px) 100vw, 552px\" \/><\/p>\n<p>Bitte schlie\u00dfen Sie die Klappe am n\u00e4chsten Tag und s\u00e4ubern Sie den Kamin vor Ihrer Abreise.<br \/>\nDie kalte (!) Asche kann rechts <em>hinterm<\/em> Gartenhaus ins Geb\u00fcsch entsorgt werden.<\/p>\n<p>Vielen Dank.<\/p>\n","protected":false},"excerpt":{"rendered":"<p>Bevor Sie den Kamin anmachen, \u00f6ffnen Sie bitte unbedingt die im Kamin befindliche Klappe! (Ring rechts oben im Kamin nach oben schieben und dort einhaken) Kaminholz liegt rechts unter dem Dach des Gartenhauses oder ist gerade aus. Im zweiteren Falle sammele man sich etwas. Im ersteren Fall f\u00fchlen Sie sich frei, alles was dort liegt, [&hellip;]<\/p>\n","protected":false},"author":1,"featured_media":0,"parent":0,"menu_order":0,"comment_status":"closed","ping_status":"closed","template":"","meta":[],"_links":{"self":[{"href":"https:\/\/ferienhaus-gerrit.de\/index.php?rest_route=\/wp\/v2\/pages\/166"}],"collection":[{"href":"https:\/\/ferienhaus-gerrit.de\/index.php?rest_route=\/wp\/v2\/pages"}],"about":[{"href":"https:\/\/ferienhaus-gerrit.de\/index.php?rest_route=\/wp\/v2\/types\/page"}],"author":[{"embeddable":true,"href":"https:\/\/ferienhaus-gerrit.de\/index.php?rest_route=\/wp\/v2\/users\/1"}],"replies":[{"embeddable":true,"href":"https:\/\/ferienhaus-gerrit.de\/index.php?rest_route=%2Fwp%2Fv2%2Fcomments&post=166"}],"version-history":[{"count":11,"href":"https:\/\/ferienhaus-gerrit.de\/index.php?rest_route=\/wp\/v2\/pages\/166\/revisions"}],"predecessor-version":[{"id":937,"href":"https:\/\/ferienhaus-gerrit.de\/index.php?rest_route=\/wp\/v2\/pages\/166\/revisions\/937"}],"wp:attachment":[{"href":"https:\/\/ferienhaus-gerrit.de\/index.php?rest_route=%2Fwp%2Fv2%2Fmedia&parent=166"}],"curies":[{"name":"wp","href":"https:\/\/api.w.org\/{rel}","templated":true}]}}