{"id":199,"date":"2017-05-03T19:13:53","date_gmt":"2017-05-03T18:13:53","guid":{"rendered":"http:\/\/ferienhaus-gerrit.de\/?page_id=199"},"modified":"2021-04-01T20:43:04","modified_gmt":"2021-04-01T19:43:04","slug":"sicherungen","status":"publish","type":"page","link":"https:\/\/ferienhaus-gerrit.de\/?page_id=199","title":{"rendered":"Sicherungen"},"content":{"rendered":"<p>Die Sicherungen befinden sich hinter der T\u00fcr, die sich zwischen der Haus- und der Kammert\u00fcr befindet. Der passende Schl\u00fcssel befindet sich am Bund mit dem V\u00f6gelchen, welches hoffentlich in seinem H\u00e4uschen im Flur, links oben \u00fcber der Ausgangst\u00fcr, nistet.<\/p>\n","protected":false},"excerpt":{"rendered":"<p>Die Sicherungen befinden sich hinter der T\u00fcr, die sich zwischen der Haus- und der Kammert\u00fcr befindet. Der passende Schl\u00fcssel befindet sich am Bund mit dem V\u00f6gelchen, welches hoffentlich in seinem H\u00e4uschen im Flur, links oben \u00fcber der Ausgangst\u00fcr, nistet.<\/p>\n","protected":false},"author":1,"featured_media":0,"parent":0,"menu_order":0,"comment_status":"closed","ping_status":"closed","template":"","meta":[],"_links":{"self":[{"href":"https:\/\/ferienhaus-gerrit.de\/index.php?rest_route=\/wp\/v2\/pages\/199"}],"collection":[{"href":"https:\/\/ferienhaus-gerrit.de\/index.php?rest_route=\/wp\/v2\/pages"}],"about":[{"href":"https:\/\/ferienhaus-gerrit.de\/index.php?rest_route=\/wp\/v2\/types\/page"}],"author":[{"embeddable":true,"href":"https:\/\/ferienhaus-gerrit.de\/index.php?rest_route=\/wp\/v2\/users\/1"}],"replies":[{"embeddable":true,"href":"https:\/\/ferienhaus-gerrit.de\/index.php?rest_route=%2Fwp%2Fv2%2Fcomments&post=199"}],"version-history":[{"count":3,"href":"https:\/\/ferienhaus-gerrit.de\/index.php?rest_route=\/wp\/v2\/pages\/199\/revisions"}],"predecessor-version":[{"id":761,"href":"https:\/\/ferienhaus-gerrit.de\/index.php?rest_route=\/wp\/v2\/pages\/199\/revisions\/761"}],"wp:attachment":[{"href":"https:\/\/ferienhaus-gerrit.de\/index.php?rest_route=%2Fwp%2Fv2%2Fmedia&parent=199"}],"curies":[{"name":"wp","href":"https:\/\/api.w.org\/{rel}","templated":true}]}}