{"id":203,"date":"2017-05-03T19:17:48","date_gmt":"2017-05-03T18:17:48","guid":{"rendered":"http:\/\/ferienhaus-gerrit.de\/?page_id=203"},"modified":"2021-10-31T16:11:28","modified_gmt":"2021-10-31T15:11:28","slug":"gartenhaus","status":"publish","type":"page","link":"https:\/\/ferienhaus-gerrit.de\/?page_id=203","title":{"rendered":"Gartenhaus"},"content":{"rendered":"<p>Im Gartenhaus finden Sie die Fahrr\u00e4der, einen Bollerwagen f\u00fcr zum Strand, Strandutensilien f\u00fcr Kinder, Sandf\u00f6rmchen, einen Windschutz, viel Spielzeug, Drachen. Ferner findet man einen Sonnenschirm f\u00fcr den Schirmst\u00e4nder auf der Terrasse, den W\u00e4schetrockner, den Stra\u00dfenbesen, Gartenger\u00e4te und Sitzauflagen f\u00fcr St\u00fchle und Liegen. Der Schl\u00fcssel zum Gartenhaus h\u00e4ngt beim V\u00f6gelchen im Flur oben links neben der Eingangst\u00fcr.<\/p>\n","protected":false},"excerpt":{"rendered":"<p>Im Gartenhaus finden Sie die Fahrr\u00e4der, einen Bollerwagen f\u00fcr zum Strand, Strandutensilien f\u00fcr Kinder, Sandf\u00f6rmchen, einen Windschutz, viel Spielzeug, Drachen. Ferner findet man einen Sonnenschirm f\u00fcr den Schirmst\u00e4nder auf der Terrasse, den W\u00e4schetrockner, den Stra\u00dfenbesen, Gartenger\u00e4te und Sitzauflagen f\u00fcr St\u00fchle und Liegen. Der Schl\u00fcssel zum Gartenhaus h\u00e4ngt beim V\u00f6gelchen im Flur oben links neben der [&hellip;]<\/p>\n","protected":false},"author":1,"featured_media":0,"parent":0,"menu_order":0,"comment_status":"closed","ping_status":"closed","template":"","meta":[],"_links":{"self":[{"href":"https:\/\/ferienhaus-gerrit.de\/index.php?rest_route=\/wp\/v2\/pages\/203"}],"collection":[{"href":"https:\/\/ferienhaus-gerrit.de\/index.php?rest_route=\/wp\/v2\/pages"}],"about":[{"href":"https:\/\/ferienhaus-gerrit.de\/index.php?rest_route=\/wp\/v2\/types\/page"}],"author":[{"embeddable":true,"href":"https:\/\/ferienhaus-gerrit.de\/index.php?rest_route=\/wp\/v2\/users\/1"}],"replies":[{"embeddable":true,"href":"https:\/\/ferienhaus-gerrit.de\/index.php?rest_route=%2Fwp%2Fv2%2Fcomments&post=203"}],"version-history":[{"count":7,"href":"https:\/\/ferienhaus-gerrit.de\/index.php?rest_route=\/wp\/v2\/pages\/203\/revisions"}],"predecessor-version":[{"id":934,"href":"https:\/\/ferienhaus-gerrit.de\/index.php?rest_route=\/wp\/v2\/pages\/203\/revisions\/934"}],"wp:attachment":[{"href":"https:\/\/ferienhaus-gerrit.de\/index.php?rest_route=%2Fwp%2Fv2%2Fmedia&parent=203"}],"curies":[{"name":"wp","href":"https:\/\/api.w.org\/{rel}","templated":true}]}}