{"id":358,"date":"2018-06-08T12:19:00","date_gmt":"2018-06-08T11:19:00","guid":{"rendered":"http:\/\/ferienhaus-gerrit.de\/?page_id=358"},"modified":"2026-05-09T10:38:54","modified_gmt":"2026-05-09T09:38:54","slug":"grill","status":"publish","type":"page","link":"https:\/\/ferienhaus-gerrit.de\/?page_id=358","title":{"rendered":"Grill und Feuerschale"},"content":{"rendered":"<p>Im Gartenhaus befindet sich ein kleiner Grill. Grillkohle m\u00fcsst ihr euch bitte selber besorgen. Den Grill nach Gebrauch bitte s\u00e4ubern und zur\u00fcck stellen.<\/p>\r\n<p>An der Seite des Gartnehauses h\u00e4ngt eine gro\u00dfe Feuerschale. An der Seite des Hauses lagert Feuerholz. Das darf komplett verfeuert werden, bzw. &#8212; wenn keines da ist, war jemand schneller. Nachschub kann man ganz in der N\u00e4he kaufen, auf dem Sint Maartensweg 50 (Ruigeweg links, erste Kreuzung rechts, 800m auf der rechten Seite im Stra\u00dfenverkauf). Gerne k\u00f6nnen auch morsche Tacken im Garten aufgesammelt und verfeuert werden. Bitte auch die Feuerschale nach Benutzung sauber machen.<\/p>\r\n<p>Edit: frisch entdeckt. Auf dem Lagedijk gibt es die Firma &#8211;&gt;<a href=\"https:\/\/www.google.com\/maps\/place\/Huibers+Hout\/@52.7941302,4.7842095,15z\/data=!4m5!3m4!1s0x0:0x2b48aaef3b70f856!8m2!3d52.7941302!4d4.7842095\" target=\"_blank\" rel=\"noopener noreferrer\">Huibers hout<\/a>, vor deren T\u00fcr ein Container mit Mitnehmholz steht.<\/p>\r\n\r\n<p>&nbsp;<\/p>\r\n","protected":false},"excerpt":{"rendered":"<p>Im Gartenhaus befindet sich ein kleiner Grill. Grillkohle m\u00fcsst ihr euch bitte selber besorgen. Den Grill nach Gebrauch bitte s\u00e4ubern und zur\u00fcck stellen. An der Seite des Gartnehauses h\u00e4ngt eine gro\u00dfe Feuerschale. An der Seite des Hauses lagert Feuerholz. Das darf komplett verfeuert werden, bzw. &#8212; wenn keines da ist, war jemand schneller. Nachschub kann [&hellip;]<\/p>\n","protected":false},"author":1,"featured_media":0,"parent":0,"menu_order":0,"comment_status":"closed","ping_status":"closed","template":"","meta":[],"_links":{"self":[{"href":"https:\/\/ferienhaus-gerrit.de\/index.php?rest_route=\/wp\/v2\/pages\/358"}],"collection":[{"href":"https:\/\/ferienhaus-gerrit.de\/index.php?rest_route=\/wp\/v2\/pages"}],"about":[{"href":"https:\/\/ferienhaus-gerrit.de\/index.php?rest_route=\/wp\/v2\/types\/page"}],"author":[{"embeddable":true,"href":"https:\/\/ferienhaus-gerrit.de\/index.php?rest_route=\/wp\/v2\/users\/1"}],"replies":[{"embeddable":true,"href":"https:\/\/ferienhaus-gerrit.de\/index.php?rest_route=%2Fwp%2Fv2%2Fcomments&post=358"}],"version-history":[{"count":6,"href":"https:\/\/ferienhaus-gerrit.de\/index.php?rest_route=\/wp\/v2\/pages\/358\/revisions"}],"predecessor-version":[{"id":1108,"href":"https:\/\/ferienhaus-gerrit.de\/index.php?rest_route=\/wp\/v2\/pages\/358\/revisions\/1108"}],"wp:attachment":[{"href":"https:\/\/ferienhaus-gerrit.de\/index.php?rest_route=%2Fwp%2Fv2%2Fmedia&parent=358"}],"curies":[{"name":"wp","href":"https:\/\/api.w.org\/{rel}","templated":true}]}}