{"id":531,"date":"2018-09-17T13:41:10","date_gmt":"2018-09-17T12:41:10","guid":{"rendered":"http:\/\/ferienhaus-gerrit.de\/?page_id=531"},"modified":"2026-05-09T10:32:24","modified_gmt":"2026-05-09T09:32:24","slug":"wein","status":"publish","type":"page","link":"https:\/\/ferienhaus-gerrit.de\/?page_id=531","title":{"rendered":"Wein- und Kr\u00e4uterernte"},"content":{"rendered":"<p>Der Wein im Garten kann gerne, so er Mitte September zu reifen beginnt, geerntet und verkonsumiert werden.<br \/>\nFalls die zarten Ranken die SAT-Sch\u00fcssel umschlingen, darf man roden. Oder aufs Fernsehen verzichten.<\/p>\n<p>Die Kr\u00e4uterbeete d\u00fcrfen auch angefasst und zum W\u00fcrzen in Ma\u00dfen abgeerntet werden.<br \/>\nBon Appetit!<\/p>\n","protected":false},"excerpt":{"rendered":"<p>Der Wein im Garten kann gerne, so er Mitte September zu reifen beginnt, geerntet und verkonsumiert werden. Falls die zarten Ranken die SAT-Sch\u00fcssel umschlingen, darf man roden. Oder aufs Fernsehen verzichten. Die Kr\u00e4uterbeete d\u00fcrfen auch angefasst und zum W\u00fcrzen in Ma\u00dfen abgeerntet werden. Bon Appetit!<\/p>\n","protected":false},"author":1,"featured_media":0,"parent":0,"menu_order":0,"comment_status":"closed","ping_status":"closed","template":"","meta":[],"_links":{"self":[{"href":"https:\/\/ferienhaus-gerrit.de\/index.php?rest_route=\/wp\/v2\/pages\/531"}],"collection":[{"href":"https:\/\/ferienhaus-gerrit.de\/index.php?rest_route=\/wp\/v2\/pages"}],"about":[{"href":"https:\/\/ferienhaus-gerrit.de\/index.php?rest_route=\/wp\/v2\/types\/page"}],"author":[{"embeddable":true,"href":"https:\/\/ferienhaus-gerrit.de\/index.php?rest_route=\/wp\/v2\/users\/1"}],"replies":[{"embeddable":true,"href":"https:\/\/ferienhaus-gerrit.de\/index.php?rest_route=%2Fwp%2Fv2%2Fcomments&post=531"}],"version-history":[{"count":4,"href":"https:\/\/ferienhaus-gerrit.de\/index.php?rest_route=\/wp\/v2\/pages\/531\/revisions"}],"predecessor-version":[{"id":1106,"href":"https:\/\/ferienhaus-gerrit.de\/index.php?rest_route=\/wp\/v2\/pages\/531\/revisions\/1106"}],"wp:attachment":[{"href":"https:\/\/ferienhaus-gerrit.de\/index.php?rest_route=%2Fwp%2Fv2%2Fmedia&parent=531"}],"curies":[{"name":"wp","href":"https:\/\/api.w.org\/{rel}","templated":true}]}}