{"id":799,"date":"2021-10-30T12:50:15","date_gmt":"2021-10-30T11:50:15","guid":{"rendered":"http:\/\/ferienhaus-gerrit.de\/?page_id=799"},"modified":"2023-09-29T09:00:38","modified_gmt":"2023-09-29T08:00:38","slug":"hund","status":"publish","type":"page","link":"https:\/\/ferienhaus-gerrit.de\/?page_id=799","title":{"rendered":"Hund"},"content":{"rendered":"\n<p>Gerne darf der Hund mitreisen. Er muss nur seine eigene Unterkunft, aktuell 4,50 EUR\/pro Tag, irgendwie finanzieren. Im Park Zonnewende soll der Hund an der Leine gehalten werden. Der &#8222;Poep&#8220; muss selbstverst\u00e4ndlich weggemacht werden, daf\u00fcr gibt es Kot-S\u00e4ckchen in der Hundetasche an der Garderobe. In der Kammer an der Therme h\u00e4ngt ein Rubbelhandtuch f\u00fcr die Fellpflege. Gegen\u00fcber oben auf dem Regal: Accessoires wie N\u00e4pfe, einen Anker, um im Sand am Meer eingeschraubt zu werden. Da kann man dann die Leine dran befestigen \u2013 sowie Leckerli und Abrubbel-Handschuhe.<\/p>\n\n\n\n<p><strong>Hund und Strand:<\/strong><\/p>\n\n\n\n<p>\u201eVon Mai bis September mu\u00df er an die Leine, aber nach 19.00 Uhr darf Ihre Hund locker am Strand herum laufen. Am rest vom Jahr darf Ihre Hund den ganze Tag locker herum laufen, herrlich rennen! So hat Ihre Hund auch Urlaub.\u201c<br>Quelle: <a href=\"https:\/\/strand49.de\/urlaub-mit-hund\/\" target=\"_blank\" rel=\"noreferrer noopener\">https:\/\/strand49.de\/urlaub-mit-hund\/<\/a><\/p>\n\n\n\n<p>\u00dcbrigens: Sint Maartenszee verf\u00fcgt \u00fcber einen Nacktbadestrand. Dieser befindet sich vom Strandaufgang aus 800 Meter in n\u00f6rdlicher Richtung. Was hat der Hund damit zu tun?<\/p>\n\n\n\n<figure class=\"wp-block-image size-full is-resized\"><img loading=\"lazy\" src=\"http:\/\/ferienhaus-gerrit.de\/wp-content\/uploads\/2021\/10\/fkk.png\" alt=\"\" class=\"wp-image-808\" width=\"346\" height=\"345\" srcset=\"https:\/\/ferienhaus-gerrit.de\/wp-content\/uploads\/2021\/10\/fkk.png 538w, https:\/\/ferienhaus-gerrit.de\/wp-content\/uploads\/2021\/10\/fkk-300x300.png 300w, https:\/\/ferienhaus-gerrit.de\/wp-content\/uploads\/2021\/10\/fkk-150x150.png 150w\" sizes=\"(max-width: 346px) 100vw, 346px\" \/><\/figure>\n\n\n\n<p>Ganz einfach: Dahinter gibt es Richtung Norden einen ellenlangen Hundestrand. Bis kurz vor Callantsoog d\u00fcrfen Herrchen, Frauchen und Hundi kilometerweit die Natur unangeleint genie\u00dfen.<\/p>\n","protected":false},"excerpt":{"rendered":"<p>Gerne darf der Hund mitreisen. Er muss nur seine eigene Unterkunft, aktuell 4,50 EUR\/pro Tag, irgendwie finanzieren. Im Park Zonnewende soll der Hund an der Leine gehalten werden. Der &#8222;Poep&#8220; muss selbstverst\u00e4ndlich weggemacht werden, daf\u00fcr gibt es Kot-S\u00e4ckchen in der Hundetasche an der Garderobe. In der Kammer an der Therme h\u00e4ngt ein Rubbelhandtuch f\u00fcr die [&hellip;]<\/p>\n","protected":false},"author":2,"featured_media":0,"parent":0,"menu_order":0,"comment_status":"closed","ping_status":"closed","template":"","meta":[],"_links":{"self":[{"href":"https:\/\/ferienhaus-gerrit.de\/index.php?rest_route=\/wp\/v2\/pages\/799"}],"collection":[{"href":"https:\/\/ferienhaus-gerrit.de\/index.php?rest_route=\/wp\/v2\/pages"}],"about":[{"href":"https:\/\/ferienhaus-gerrit.de\/index.php?rest_route=\/wp\/v2\/types\/page"}],"author":[{"embeddable":true,"href":"https:\/\/ferienhaus-gerrit.de\/index.php?rest_route=\/wp\/v2\/users\/2"}],"replies":[{"embeddable":true,"href":"https:\/\/ferienhaus-gerrit.de\/index.php?rest_route=%2Fwp%2Fv2%2Fcomments&post=799"}],"version-history":[{"count":7,"href":"https:\/\/ferienhaus-gerrit.de\/index.php?rest_route=\/wp\/v2\/pages\/799\/revisions"}],"predecessor-version":[{"id":1039,"href":"https:\/\/ferienhaus-gerrit.de\/index.php?rest_route=\/wp\/v2\/pages\/799\/revisions\/1039"}],"wp:attachment":[{"href":"https:\/\/ferienhaus-gerrit.de\/index.php?rest_route=%2Fwp%2Fv2%2Fmedia&parent=799"}],"curies":[{"name":"wp","href":"https:\/\/api.w.org\/{rel}","templated":true}]}}