{"id":81,"date":"2017-04-25T12:48:06","date_gmt":"2017-04-25T11:48:06","guid":{"rendered":"http:\/\/ferienhaus-gerrit.de\/?page_id=81"},"modified":"2023-02-13T13:31:06","modified_gmt":"2023-02-13T12:31:06","slug":"mikrowelle-und-backofen","status":"publish","type":"page","link":"https:\/\/ferienhaus-gerrit.de\/?page_id=81","title":{"rendered":"Mikrowelle, Umluft &#038; Backofen"},"content":{"rendered":"\n<figure class=\"wp-block-image\"><img loading=\"lazy\" width=\"229\" height=\"196\" src=\"http:\/\/ferienhaus-gerrit.de\/wp-content\/uploads\/2022\/11\/2022-11-16_114145.png\" alt=\"\" class=\"wp-image-957\"\/><\/figure>\n\n\n\n<p>F\u00fcnf Funktionen sind in diesem Ger\u00e4tz kombiniert: <br>Mikrowelle<br>Hei\u00dfluftherd<br>Dampfgaren<br>Grill<br>Backen<br>Das passende Zubeh\u00f6r (Dampfgar-T\u00f6pfchen, Crisp-Platte, Gitterst\u00e4nder &#8230;) befindet sich im Schr\u00e4nkchen unter dem Herd.<\/p>\n\n\n\n<p><span style=\"color: #cc0000;\"><strong>Achtung: Das Ger\u00e4t hat oben und hinten Abluftschlitze.<br>Die d\u00fcrfen nicht zugestellt werden.<\/strong><\/span><\/p>\n\n\n\n<p>Bauknecht Mikrowelle MW 3391 SX<\/p>\n\n\n\n<p>Hier ein kurzer \u00dcberblick:<br><a href=\"https:\/\/www.youtube.com\/watch?v=72HVtVng7eA\" target=\"_blank\" rel=\"noopener\">https:\/\/www.youtube.com\/watch?v=72HVtVng7eA<\/a><\/p>\n\n\n\n<p>Und die komplette Bedienungsanleitung hier:<\/p>\n\n\n\n<p><a rel=\"noreferrer noopener\" href=\"https:\/\/vhs-schreibschule.de\/upload\/31185547-2.pdf\" target=\"_blank\">BAUKNECHT Mikrowelle MW 3391 SX, Dampfgarfunktion, Grill und Hei\u00dfluft, 33 l, Supreme Chef<\/a><br><br>Wir finden, dass die Bedienfeld-Kurzanleitung, siehe auch hier unten, eher Fragen aufwirft, also haben wir im Netz gesucht und eine PDF mit Rezepten zum &#8222;Nachbauen&#8220; gefunden:<\/p>\n\n\n\n<p class=\"has-text-align-center\"><br><code><a href=\"http:\/\/ferienhaus-gerrit.de\/wp-content\/uploads\/2023\/02\/Rezepte-1.pdf\" data-type=\"URL\" data-id=\"http:\/\/ferienhaus-gerrit.de\/wp-content\/uploads\/2023\/02\/Rezepte-1.pdf\" target=\"_blank\" rel=\"noreferrer noopener\"><img loading=\"lazy\" width=\"851\" height=\"356\" class=\"wp-image-1007\" style=\"width: 150px;\" src=\"http:\/\/ferienhaus-gerrit.de\/wp-content\/uploads\/2023\/02\/2023-02-13_131322.png\" alt=\"\" srcset=\"https:\/\/ferienhaus-gerrit.de\/wp-content\/uploads\/2023\/02\/2023-02-13_131322.png 851w, https:\/\/ferienhaus-gerrit.de\/wp-content\/uploads\/2023\/02\/2023-02-13_131322-300x125.png 300w, https:\/\/ferienhaus-gerrit.de\/wp-content\/uploads\/2023\/02\/2023-02-13_131322-768x321.png 768w\" sizes=\"(max-width: 851px) 100vw, 851px\" \/><\/a><\/code><\/p>\n\n\n\n<p class=\"has-text-align-center\"><code><a rel=\"noreferrer noopener\" href=\"http:\/\/ferienhaus-gerrit.de\/wp-content\/uploads\/2023\/02\/Rezepte-1.pdf\" data-type=\"URL\" data-id=\"http:\/\/ferienhaus-gerrit.de\/wp-content\/uploads\/2023\/02\/Rezepte-1.pdf\" target=\"_blank\">Rezepte.PDF<\/a><\/code><br><br>Bzw. wurde der Herd von Stiftung Warentest ausgiebig in allen Funktionen durchgenommen.<br>Man ahnt dann, wie der Herd tickt:<\/p>\n\n\n\n<p class=\"has-text-align-center\"><a href=\"http:\/\/ferienhaus-gerrit.de\/wp-content\/uploads\/2023\/02\/Bauknecht-SupremeChef-MW-3391-im-Test-1.pdf\" data-type=\"URL\" data-id=\"http:\/\/ferienhaus-gerrit.de\/wp-content\/uploads\/2023\/02\/Bauknecht-SupremeChef-MW-3391-im-Test-1.pdf\" target=\"_blank\" rel=\"noreferrer noopener\"><img loading=\"lazy\" width=\"277\" height=\"118\" class=\"wp-image-1008\" style=\"width: 150px;\" src=\"http:\/\/ferienhaus-gerrit.de\/wp-content\/uploads\/2023\/02\/2023-02-13_131238.png\" alt=\"\"><\/a><br><a href=\"http:\/\/ferienhaus-gerrit.de\/wp-content\/uploads\/2023\/02\/Bauknecht-SupremeChef-MW-3391-im-Test-1.pdf\" data-type=\"URL\" data-id=\"http:\/\/ferienhaus-gerrit.de\/wp-content\/uploads\/2023\/02\/Bauknecht-SupremeChef-MW-3391-im-Test-1.pdf\" target=\"_blank\" rel=\"noreferrer noopener\">Bauknecht-SupremeChef-MW-3391-im Test.PDF<\/a><br><br><\/p>\n\n\n\n<figure class=\"wp-block-gallery columns-1 is-cropped\"><ul class=\"blocks-gallery-grid\"><li class=\"blocks-gallery-item\"><figure><img loading=\"lazy\" width=\"1024\" height=\"708\" src=\"http:\/\/ferienhaus-gerrit.de\/wp-content\/uploads\/2022\/11\/0a-1-1024x708.png\" alt=\"\" data-id=\"980\" data-full-url=\"http:\/\/ferienhaus-gerrit.de\/wp-content\/uploads\/2022\/11\/0a-1.png\" data-link=\"http:\/\/ferienhaus-gerrit.de\/?attachment_id=980\" class=\"wp-image-980\" srcset=\"https:\/\/ferienhaus-gerrit.de\/wp-content\/uploads\/2022\/11\/0a-1-1024x708.png 1024w, https:\/\/ferienhaus-gerrit.de\/wp-content\/uploads\/2022\/11\/0a-1-300x207.png 300w, https:\/\/ferienhaus-gerrit.de\/wp-content\/uploads\/2022\/11\/0a-1-768x531.png 768w, https:\/\/ferienhaus-gerrit.de\/wp-content\/uploads\/2022\/11\/0a-1.png 1465w\" sizes=\"(max-width: 1024px) 100vw, 1024px\" \/><\/figure><\/li><\/ul><\/figure>\n\n\n\n<figure class=\"wp-block-image size-large\"><img loading=\"lazy\" width=\"1024\" height=\"654\" src=\"http:\/\/ferienhaus-gerrit.de\/wp-content\/uploads\/2022\/11\/0c-1024x654.png\" alt=\"\" class=\"wp-image-973\" srcset=\"https:\/\/ferienhaus-gerrit.de\/wp-content\/uploads\/2022\/11\/0c-1024x654.png 1024w, https:\/\/ferienhaus-gerrit.de\/wp-content\/uploads\/2022\/11\/0c-300x192.png 300w, https:\/\/ferienhaus-gerrit.de\/wp-content\/uploads\/2022\/11\/0c-768x491.png 768w, https:\/\/ferienhaus-gerrit.de\/wp-content\/uploads\/2022\/11\/0c.png 1465w\" sizes=\"(max-width: 1024px) 100vw, 1024px\" \/><\/figure>\n\n\n\n<figure class=\"wp-block-image size-large\"><img loading=\"lazy\" width=\"1024\" height=\"645\" src=\"http:\/\/ferienhaus-gerrit.de\/wp-content\/uploads\/2022\/11\/0d-1024x645.png\" alt=\"\" class=\"wp-image-974\" srcset=\"https:\/\/ferienhaus-gerrit.de\/wp-content\/uploads\/2022\/11\/0d-1024x645.png 1024w, https:\/\/ferienhaus-gerrit.de\/wp-content\/uploads\/2022\/11\/0d-300x189.png 300w, https:\/\/ferienhaus-gerrit.de\/wp-content\/uploads\/2022\/11\/0d-768x484.png 768w, https:\/\/ferienhaus-gerrit.de\/wp-content\/uploads\/2022\/11\/0d.png 1477w\" sizes=\"(max-width: 1024px) 100vw, 1024px\" \/><\/figure>\n\n\n\n<figure class=\"wp-block-image size-large\"><img loading=\"lazy\" width=\"1024\" height=\"595\" src=\"http:\/\/ferienhaus-gerrit.de\/wp-content\/uploads\/2022\/11\/0e-1024x595.png\" alt=\"\" class=\"wp-image-975\" srcset=\"https:\/\/ferienhaus-gerrit.de\/wp-content\/uploads\/2022\/11\/0e-1024x595.png 1024w, https:\/\/ferienhaus-gerrit.de\/wp-content\/uploads\/2022\/11\/0e-300x174.png 300w, https:\/\/ferienhaus-gerrit.de\/wp-content\/uploads\/2022\/11\/0e-768x447.png 768w, https:\/\/ferienhaus-gerrit.de\/wp-content\/uploads\/2022\/11\/0e.png 1455w\" sizes=\"(max-width: 1024px) 100vw, 1024px\" \/><\/figure>\n\n\n\n<figure class=\"wp-block-image size-large\"><img loading=\"lazy\" width=\"1024\" height=\"92\" src=\"http:\/\/ferienhaus-gerrit.de\/wp-content\/uploads\/2022\/11\/0f-1024x92.png\" alt=\"\" class=\"wp-image-976\" srcset=\"https:\/\/ferienhaus-gerrit.de\/wp-content\/uploads\/2022\/11\/0f-1024x92.png 1024w, https:\/\/ferienhaus-gerrit.de\/wp-content\/uploads\/2022\/11\/0f-300x27.png 300w, https:\/\/ferienhaus-gerrit.de\/wp-content\/uploads\/2022\/11\/0f-768x69.png 768w, https:\/\/ferienhaus-gerrit.de\/wp-content\/uploads\/2022\/11\/0f.png 1086w\" sizes=\"(max-width: 1024px) 100vw, 1024px\" \/><\/figure>\n","protected":false},"excerpt":{"rendered":"<p>F\u00fcnf Funktionen sind in diesem Ger\u00e4tz kombiniert: MikrowelleHei\u00dfluftherdDampfgarenGrillBackenDas passende Zubeh\u00f6r (Dampfgar-T\u00f6pfchen, Crisp-Platte, Gitterst\u00e4nder &#8230;) befindet sich im Schr\u00e4nkchen unter dem Herd. Achtung: Das Ger\u00e4t hat oben und hinten Abluftschlitze.Die d\u00fcrfen nicht zugestellt werden. Bauknecht Mikrowelle MW 3391 SX Hier ein kurzer \u00dcberblick:https:\/\/www.youtube.com\/watch?v=72HVtVng7eA Und die komplette Bedienungsanleitung hier: BAUKNECHT Mikrowelle MW 3391 SX, Dampfgarfunktion, Grill und [&hellip;]<\/p>\n","protected":false},"author":1,"featured_media":0,"parent":0,"menu_order":0,"comment_status":"closed","ping_status":"closed","template":"","meta":[],"_links":{"self":[{"href":"https:\/\/ferienhaus-gerrit.de\/index.php?rest_route=\/wp\/v2\/pages\/81"}],"collection":[{"href":"https:\/\/ferienhaus-gerrit.de\/index.php?rest_route=\/wp\/v2\/pages"}],"about":[{"href":"https:\/\/ferienhaus-gerrit.de\/index.php?rest_route=\/wp\/v2\/types\/page"}],"author":[{"embeddable":true,"href":"https:\/\/ferienhaus-gerrit.de\/index.php?rest_route=\/wp\/v2\/users\/1"}],"replies":[{"embeddable":true,"href":"https:\/\/ferienhaus-gerrit.de\/index.php?rest_route=%2Fwp%2Fv2%2Fcomments&post=81"}],"version-history":[{"count":35,"href":"https:\/\/ferienhaus-gerrit.de\/index.php?rest_route=\/wp\/v2\/pages\/81\/revisions"}],"predecessor-version":[{"id":1024,"href":"https:\/\/ferienhaus-gerrit.de\/index.php?rest_route=\/wp\/v2\/pages\/81\/revisions\/1024"}],"wp:attachment":[{"href":"https:\/\/ferienhaus-gerrit.de\/index.php?rest_route=%2Fwp%2Fv2%2Fmedia&parent=81"}],"curies":[{"name":"wp","href":"https:\/\/api.w.org\/{rel}","templated":true}]}}