{"id":840,"date":"2021-10-31T14:52:31","date_gmt":"2021-10-31T13:52:31","guid":{"rendered":"http:\/\/ferienhaus-gerrit.de\/?page_id=840"},"modified":"2026-05-09T10:42:49","modified_gmt":"2026-05-09T09:42:49","slug":"kueche-2","status":"publish","type":"page","link":"https:\/\/ferienhaus-gerrit.de\/?page_id=840","title":{"rendered":"K\u00fcche"},"content":{"rendered":"\r\n\r\n\r\n<p><strong>Gasherd:<\/strong><\/p>\r\n\r\n\r\n\r\n<ul>\r\n<li><span class=\"has-inline-color has-vivid-red-color\">Achtung, der Gasherd hat keine automatische Ausschaltung. Bitte darauf achten, dass alle Dreher auf Aus stehen.<\/span><\/li>\r\n<li><span class=\"has-inline-color has-vivid-red-color\">Achtung, die Henkel der T\u00f6pfe werden beim Kochen schnell sehr hei\u00df.<\/span><\/li>\r\n<\/ul>\r\n\r\n\r\n\r\n<ul>\r\n<li>Der Gasherd hat keine Piezoz\u00fcndung und muss mit dem Feuerzeug gestartet werden.<\/li>\r\n<\/ul>\r\n\r\n\r\n\r\n<p>&nbsp;<\/p>\r\n\r\n\r\n\r\n<p><strong>Kaffee:<\/strong><br \/><br \/>F\u00fcr die Zubereitung eines leckeren Kaffees stehen Ihnen drei M\u00f6glichkeiten zur Verf\u00fcgung:<\/p>\r\n\r\n\r\n\r\n<p>Eine Bodum Dr\u00fcckkanne, eine Kaffeepadmaschine von Senseo (normale Pads und einen Padhalter f\u00fcr Cappucino) sowie eine Filterkaffeemaschine, die wahrscheinlich momentan in der Kammer, rechts neben der Haust\u00fcr, oben auf einem Regal steht.<\/p>\r\n\r\n\r\n\r\n<p><strong>K\u00fchlschr\u00e4nke:<\/strong><\/p>\r\n\r\n\r\n\r\n<p>Neben dem K\u00fchlschrank in der K\u00fcche befindet sich auch im Gartenhaus ein K\u00fchlschrank, den Sie gerne aktivieren d\u00fcrfen: Einfach den entsprechenden Schalter der Steckdose (Mit &#8222;KS&#8220; beschriftet, steht auf dem W\u00e4schetrockner) anschalten. Allerdings hat der K\u00fchlschrank kein Eigenlicht, was nicht an seinem L\u00e4mpchen liegt.<sup>*)<\/sup><\/p>\r\n\r\n\r\n\r\n<p>Beim Verlassen des Ferienhauses bitte den K\u00fchlschrank des Gartenhauses wieder ausstellen und die T\u00fcr offen lassen, oder aber den K\u00fchlschrank bei zuer T\u00fcr einfach weiter an lassen.<\/p>\r\n\r\n\r\n\r\n<p>&nbsp;<\/p>\r\n\r\n\r\n\r\n<p><strong>Magnetron: Mikrowelle, Grill und Backofen:<\/strong><br \/><br \/><a href=\"http:\/\/ferienhaus-gerrit.de\/?page_id=81\">http:\/\/ferienhaus-gerrit.de\/?page_id=81<\/a><\/p>\r\n\r\n\r\n\r\n<p><br \/><strong>M\u00fcll<\/strong>:<br \/><br \/>Der M\u00fcll soll getrennt werden. In die rote Tonne geh\u00f6rt der Restm\u00fcll. Gelber Sack und Papier sammeln und in die entsprechenden Container auf dem Parkplatz geben. Glascontainer sind auf der Gerrit-van-Sluis-Straat. Ruigeweg links runter und noch zweimal links.<\/p>\r\n\r\n\r\n\r\n<p>&nbsp;<\/p>\r\n\r\n\r\n\r\n<p><span class=\"has-inline-color has-white-color\">i<\/span><\/p>\r\n\r\n\r\n\r\n<p>&nbsp;<\/p>\r\n\r\n\r\n\r\n<p><span class=\"has-inline-color has-white-color\">i<\/span><\/p>\r\n\r\n\r\n\r\n<p>&nbsp;<\/p>\r\n\r\n\r\n\r\n<p id=\"huepf\"><span class=\"has-inline-color has-white-color\">i<\/span><\/p>\r\n\r\n\r\n\r\n<p>&nbsp;<\/p>\r\n\r\n\r\n\r\n<p><span class=\"has-inline-color has-white-color\">i<\/span><\/p>\r\n\r\n\r\n\r\n<p>&nbsp;<\/p>\r\n\r\n\r\n\r\n<p>&nbsp;<\/p>\r\n\r\n\r\n\r\n<p><sub> <sup>*)<\/sup> Huhu: Ich habe einen Bewegungsmelder mit Batterielicht in den KS gelegt<\/sub><\/p>\r\n","protected":false},"excerpt":{"rendered":"<p>Gasherd: Achtung, der Gasherd hat keine automatische Ausschaltung. Bitte darauf achten, dass alle Dreher auf Aus stehen. Achtung, die Henkel der T\u00f6pfe werden beim Kochen schnell sehr hei\u00df. Der Gasherd hat keine Piezoz\u00fcndung und muss mit dem Feuerzeug gestartet werden. &nbsp; Kaffee: F\u00fcr die Zubereitung eines leckeren Kaffees stehen Ihnen drei M\u00f6glichkeiten zur Verf\u00fcgung: Eine [&hellip;]<\/p>\n","protected":false},"author":2,"featured_media":0,"parent":0,"menu_order":0,"comment_status":"closed","ping_status":"closed","template":"","meta":[],"_links":{"self":[{"href":"https:\/\/ferienhaus-gerrit.de\/index.php?rest_route=\/wp\/v2\/pages\/840"}],"collection":[{"href":"https:\/\/ferienhaus-gerrit.de\/index.php?rest_route=\/wp\/v2\/pages"}],"about":[{"href":"https:\/\/ferienhaus-gerrit.de\/index.php?rest_route=\/wp\/v2\/types\/page"}],"author":[{"embeddable":true,"href":"https:\/\/ferienhaus-gerrit.de\/index.php?rest_route=\/wp\/v2\/users\/2"}],"replies":[{"embeddable":true,"href":"https:\/\/ferienhaus-gerrit.de\/index.php?rest_route=%2Fwp%2Fv2%2Fcomments&post=840"}],"version-history":[{"count":64,"href":"https:\/\/ferienhaus-gerrit.de\/index.php?rest_route=\/wp\/v2\/pages\/840\/revisions"}],"predecessor-version":[{"id":1109,"href":"https:\/\/ferienhaus-gerrit.de\/index.php?rest_route=\/wp\/v2\/pages\/840\/revisions\/1109"}],"wp:attachment":[{"href":"https:\/\/ferienhaus-gerrit.de\/index.php?rest_route=%2Fwp%2Fv2%2Fmedia&parent=840"}],"curies":[{"name":"wp","href":"https:\/\/api.w.org\/{rel}","templated":true}]}}