{"id":954,"date":"2022-11-09T16:50:04","date_gmt":"2022-11-09T15:50:04","guid":{"rendered":"http:\/\/ferienhaus-gerrit.de\/?page_id=954"},"modified":"2022-11-09T16:50:05","modified_gmt":"2022-11-09T15:50:05","slug":"post-pakete-zeitungen","status":"publish","type":"page","link":"https:\/\/ferienhaus-gerrit.de\/?page_id=954","title":{"rendered":"Post, Pakete, Zeitungen"},"content":{"rendered":"\n<p>Das Huisje wird wie alle H\u00e4user im Ferienpark nicht von der Niederl\u00e4ndischen Post beliefert. So k\u00f6nnen auch Pakete und umgeleitete Zeitungsabos nicht zugestellt werden.<\/p>\n","protected":false},"excerpt":{"rendered":"<p>Das Huisje wird wie alle H\u00e4user im Ferienpark nicht von der Niederl\u00e4ndischen Post beliefert. So k\u00f6nnen auch Pakete und umgeleitete Zeitungsabos nicht zugestellt werden.<\/p>\n","protected":false},"author":1,"featured_media":0,"parent":0,"menu_order":0,"comment_status":"closed","ping_status":"closed","template":"","meta":[],"_links":{"self":[{"href":"https:\/\/ferienhaus-gerrit.de\/index.php?rest_route=\/wp\/v2\/pages\/954"}],"collection":[{"href":"https:\/\/ferienhaus-gerrit.de\/index.php?rest_route=\/wp\/v2\/pages"}],"about":[{"href":"https:\/\/ferienhaus-gerrit.de\/index.php?rest_route=\/wp\/v2\/types\/page"}],"author":[{"embeddable":true,"href":"https:\/\/ferienhaus-gerrit.de\/index.php?rest_route=\/wp\/v2\/users\/1"}],"replies":[{"embeddable":true,"href":"https:\/\/ferienhaus-gerrit.de\/index.php?rest_route=%2Fwp%2Fv2%2Fcomments&post=954"}],"version-history":[{"count":1,"href":"https:\/\/ferienhaus-gerrit.de\/index.php?rest_route=\/wp\/v2\/pages\/954\/revisions"}],"predecessor-version":[{"id":955,"href":"https:\/\/ferienhaus-gerrit.de\/index.php?rest_route=\/wp\/v2\/pages\/954\/revisions\/955"}],"wp:attachment":[{"href":"https:\/\/ferienhaus-gerrit.de\/index.php?rest_route=%2Fwp%2Fv2%2Fmedia&parent=954"}],"curies":[{"name":"wp","href":"https:\/\/api.w.org\/{rel}","templated":true}]}}