{"id":986,"date":"2023-01-08T11:42:58","date_gmt":"2023-01-08T10:42:58","guid":{"rendered":"http:\/\/ferienhaus-gerrit.de\/?page_id=986"},"modified":"2023-01-08T11:51:37","modified_gmt":"2023-01-08T10:51:37","slug":"klogaenge","status":"publish","type":"page","link":"https:\/\/ferienhaus-gerrit.de\/?page_id=986","title":{"rendered":"Klog\u00e4nge"},"content":{"rendered":"\n<figure class=\"wp-block-image size-full is-resized\"><img loading=\"lazy\" src=\"http:\/\/ferienhaus-gerrit.de\/wp-content\/uploads\/2023\/01\/2023-01-08_115101.png\" alt=\"\" class=\"wp-image-990\" width=\"119\" height=\"85\"\/><\/figure>\n\n\n\n<p>Vielleicht etwas unappetitlich, aber wir m\u00fcssen es ansprechen: Bitte keine Feuchtt\u00fccher, Binden, Windeln und andere Sachen ins Klo sp\u00fclen.<br>Oben nicht und unten nicht. <br>Das Problem ist, dass die Abwasser-Fallleitungen nur ein geringes Gef\u00e4lle und diese Rohre auch 10 cm Durchmesser haben, so dass sie mit Gegenst\u00e4nden schnell verstopfen. Dann muss man eine Firma beauftragen, sie durchzupusten. Das ist zum einen teuer, zum anderen auch f\u00fcr die anderen Klog\u00e4nger ungem\u00fctlich, da die Firma ggf. am selben Tag oder am Wochenende gar nicht sofort kommen kann. <br>Bitte benutzt also die bereit gestellten Abfalleimer. <\/p>\n","protected":false},"excerpt":{"rendered":"<p>Vielleicht etwas unappetitlich, aber wir m\u00fcssen es ansprechen: Bitte keine Feuchtt\u00fccher, Binden, Windeln und andere Sachen ins Klo sp\u00fclen.Oben nicht und unten nicht. Das Problem ist, dass die Abwasser-Fallleitungen nur ein geringes Gef\u00e4lle und diese Rohre auch 10 cm Durchmesser haben, so dass sie mit Gegenst\u00e4nden schnell verstopfen. Dann muss man eine Firma beauftragen, sie [&hellip;]<\/p>\n","protected":false},"author":2,"featured_media":0,"parent":0,"menu_order":0,"comment_status":"closed","ping_status":"closed","template":"","meta":[],"_links":{"self":[{"href":"https:\/\/ferienhaus-gerrit.de\/index.php?rest_route=\/wp\/v2\/pages\/986"}],"collection":[{"href":"https:\/\/ferienhaus-gerrit.de\/index.php?rest_route=\/wp\/v2\/pages"}],"about":[{"href":"https:\/\/ferienhaus-gerrit.de\/index.php?rest_route=\/wp\/v2\/types\/page"}],"author":[{"embeddable":true,"href":"https:\/\/ferienhaus-gerrit.de\/index.php?rest_route=\/wp\/v2\/users\/2"}],"replies":[{"embeddable":true,"href":"https:\/\/ferienhaus-gerrit.de\/index.php?rest_route=%2Fwp%2Fv2%2Fcomments&post=986"}],"version-history":[{"count":3,"href":"https:\/\/ferienhaus-gerrit.de\/index.php?rest_route=\/wp\/v2\/pages\/986\/revisions"}],"predecessor-version":[{"id":991,"href":"https:\/\/ferienhaus-gerrit.de\/index.php?rest_route=\/wp\/v2\/pages\/986\/revisions\/991"}],"wp:attachment":[{"href":"https:\/\/ferienhaus-gerrit.de\/index.php?rest_route=%2Fwp%2Fv2%2Fmedia&parent=986"}],"curies":[{"name":"wp","href":"https:\/\/api.w.org\/{rel}","templated":true}]}}